{"id":271,"date":"2023-01-17T19:12:10","date_gmt":"2023-01-17T19:12:10","guid":{"rendered":"http:\/\/localhost\/uno\/wordpress\/?page_id=271"},"modified":"2023-01-30T19:36:17","modified_gmt":"2023-01-30T19:36:17","slug":"inicio","status":"publish","type":"page","link":"https:\/\/www.curiaqui.com\/","title":{"rendered":"Begining"},"content":{"rendered":"\n<div class=\"wp-block-cover alignfull is-light has-parallax has-custom-content-position is-position-bottom-center is-style-default\"><span aria-hidden=\"true\" class=\"wp-block-cover__background has-background-dim-10 has-background-dim\"><\/span><div role=\"img\" class=\"wp-block-cover__image-background wp-image-597 has-parallax\" style=\"background-position:50% 50%;background-image:url(https:\/\/www.curiaqui.com\/wp-content\/uploads\/2023\/01\/Foto-con-cuadros-1.jpg)\"><\/div><div class=\"wp-block-cover__inner-container is-layout-flow wp-block-cover-is-layout-flow\">\n<p class=\"has-text-align-center has-huge-font-size\" style=\"line-height:1.2\"><em>Figurative Impressionism<\/em><\/p>\n<\/div><\/div>\n\n\n\n<div class=\"wp-block-group\"><div class=\"wp-block-group__inner-container is-layout-constrained wp-block-group-is-layout-constrained\">\n<div class=\"wp-block-columns is-layout-flex wp-container-core-columns-is-layout-9d6595d7 wp-block-columns-is-layout-flex\">\n<div class=\"wp-block-column is-layout-flow wp-block-column-is-layout-flow\" style=\"flex-basis:100%\">\n<figure class=\"wp-block-gallery alignfull has-nested-images columns-default is-cropped wp-block-gallery-1 is-layout-flex wp-block-gallery-is-layout-flex\">\n<figure class=\"wp-block-image size-full\"><img loading=\"lazy\" decoding=\"async\" width=\"2560\" height=\"648\" data-id=\"608\" src=\"https:\/\/www.curiaqui.com\/wp-content\/uploads\/2023\/01\/reina-pagina-1-scaled.jpg\" alt=\"\" class=\"wp-image-608\" srcset=\"https:\/\/www.curiaqui.com\/wp-content\/uploads\/2023\/01\/reina-pagina-1-scaled.jpg 2560w, https:\/\/www.curiaqui.com\/wp-content\/uploads\/2023\/01\/reina-pagina-1-300x76.jpg 300w, https:\/\/www.curiaqui.com\/wp-content\/uploads\/2023\/01\/reina-pagina-1-768x194.jpg 768w, https:\/\/www.curiaqui.com\/wp-content\/uploads\/2023\/01\/reina-pagina-1-1536x389.jpg 1536w, https:\/\/www.curiaqui.com\/wp-content\/uploads\/2023\/01\/reina-pagina-1-2048x518.jpg 2048w, https:\/\/www.curiaqui.com\/wp-content\/uploads\/2023\/01\/reina-pagina-1-1568x397.jpg 1568w\" sizes=\"auto, (max-width: 2560px) 100vw, 2560px\" \/><\/figure>\n<\/figure>\n<\/div>\n<\/div>\n<\/div><\/div>\n\n\n\n<div class=\"wp-block-columns is-layout-flex wp-container-core-columns-is-layout-9d6595d7 wp-block-columns-is-layout-flex\">\n<div class=\"wp-block-column is-layout-flow wp-block-column-is-layout-flow\" style=\"flex-basis:100%\">\n<figure class=\"wp-block-image alignfull size-full\"><img loading=\"lazy\" decoding=\"async\" width=\"2560\" height=\"644\" src=\"https:\/\/www.curiaqui.com\/wp-content\/uploads\/2023\/01\/tomne-pagina-1-1-scaled.jpg\" alt=\"\" class=\"wp-image-609\" srcset=\"https:\/\/www.curiaqui.com\/wp-content\/uploads\/2023\/01\/tomne-pagina-1-1-scaled.jpg 2560w, https:\/\/www.curiaqui.com\/wp-content\/uploads\/2023\/01\/tomne-pagina-1-1-300x76.jpg 300w, https:\/\/www.curiaqui.com\/wp-content\/uploads\/2023\/01\/tomne-pagina-1-1-768x193.jpg 768w, https:\/\/www.curiaqui.com\/wp-content\/uploads\/2023\/01\/tomne-pagina-1-1-1536x387.jpg 1536w, https:\/\/www.curiaqui.com\/wp-content\/uploads\/2023\/01\/tomne-pagina-1-1-2048x515.jpg 2048w, https:\/\/www.curiaqui.com\/wp-content\/uploads\/2023\/01\/tomne-pagina-1-1-1568x395.jpg 1568w\" sizes=\"auto, (max-width: 2560px) 100vw, 2560px\" \/><\/figure>\n<\/div>\n<\/div>\n\n\n\n<div class=\"wp-block-columns is-layout-flex wp-container-core-columns-is-layout-9d6595d7 wp-block-columns-is-layout-flex\">\n<div class=\"wp-block-column is-layout-flow wp-block-column-is-layout-flow\" style=\"flex-basis:100%\">\n<figure class=\"wp-block-image alignfull size-full\"><img loading=\"lazy\" decoding=\"async\" width=\"2560\" height=\"643\" src=\"https:\/\/www.curiaqui.com\/wp-content\/uploads\/2023\/01\/Lyon-pagina-1-scaled.jpg\" alt=\"\" class=\"wp-image-611\" srcset=\"https:\/\/www.curiaqui.com\/wp-content\/uploads\/2023\/01\/Lyon-pagina-1-scaled.jpg 2560w, https:\/\/www.curiaqui.com\/wp-content\/uploads\/2023\/01\/Lyon-pagina-1-300x75.jpg 300w, https:\/\/www.curiaqui.com\/wp-content\/uploads\/2023\/01\/Lyon-pagina-1-768x193.jpg 768w, https:\/\/www.curiaqui.com\/wp-content\/uploads\/2023\/01\/Lyon-pagina-1-1536x386.jpg 1536w, https:\/\/www.curiaqui.com\/wp-content\/uploads\/2023\/01\/Lyon-pagina-1-2048x514.jpg 2048w, https:\/\/www.curiaqui.com\/wp-content\/uploads\/2023\/01\/Lyon-pagina-1-1568x394.jpg 1568w\" sizes=\"auto, (max-width: 2560px) 100vw, 2560px\" \/><\/figure>\n<\/div>\n<\/div>\n\n\n\n<div class=\"wp-block-columns is-not-stacked-on-mobile has-huge-font-size is-layout-flex wp-container-core-columns-is-layout-9d6595d7 wp-block-columns-is-layout-flex\">\n<div class=\"wp-block-column is-layout-flow wp-block-column-is-layout-flow\" style=\"flex-basis:100%\">\n<figure class=\"wp-block-gallery alignfull has-nested-images columns-default is-cropped wp-block-gallery-2 is-layout-flex wp-block-gallery-is-layout-flex\">\n<figure class=\"wp-block-image size-full\"><img loading=\"lazy\" decoding=\"async\" width=\"2560\" height=\"640\" data-id=\"612\" src=\"https:\/\/www.curiaqui.com\/wp-content\/uploads\/2023\/01\/Oton-pagina-1-scaled.jpg\" alt=\"\" class=\"wp-image-612\" srcset=\"https:\/\/www.curiaqui.com\/wp-content\/uploads\/2023\/01\/Oton-pagina-1-scaled.jpg 2560w, https:\/\/www.curiaqui.com\/wp-content\/uploads\/2023\/01\/Oton-pagina-1-300x75.jpg 300w, https:\/\/www.curiaqui.com\/wp-content\/uploads\/2023\/01\/Oton-pagina-1-768x192.jpg 768w, https:\/\/www.curiaqui.com\/wp-content\/uploads\/2023\/01\/Oton-pagina-1-1536x384.jpg 1536w, https:\/\/www.curiaqui.com\/wp-content\/uploads\/2023\/01\/Oton-pagina-1-2048x512.jpg 2048w, https:\/\/www.curiaqui.com\/wp-content\/uploads\/2023\/01\/Oton-pagina-1-1568x392.jpg 1568w\" sizes=\"auto, (max-width: 2560px) 100vw, 2560px\" \/><\/figure>\n<\/figure>\n<\/div>\n<\/div>\n\n\n\n<h4 class=\"alignwide has-black-color has-yellow-background-color has-text-color has-background has-normal-font-size wp-block-heading\" style=\"font-style:normal;font-weight:400;line-height:1.6;text-transform:lowercase\"><em>\u00bb La vehemencia del trazo, la audacia, el desgarro y la potencia del color, te impregna de sensaciones, invit\u00e1ndote a focalizar tu atenci\u00f3n. Permiti\u00e9ndote de este modo vislumbrar la imagen que aflora a trav\u00e9s del aparente caos, consiguiendo delimitar las formas en tu mente. Los potentes tonos y pinceladas no te dejan indiferentes, sino que por el contrario, generan un gran impacto, logrando despertar en ti profundas emociones ocultas\u00bb.<\/em><\/h4>\n\n\n\n<p><\/p>\n\n\n\n<div class=\"wp-block-cover is-light\"><span aria-hidden=\"true\" class=\"wp-block-cover__background has-background-dim\"><\/span><div class=\"wp-block-cover__inner-container is-layout-flow wp-block-cover-is-layout-flow\">\n<div class=\"wp-block-group\" style=\"padding-top:0;padding-right:0;padding-bottom:0;padding-left:0;font-size:90px\"><div class=\"wp-block-group__inner-container is-layout-constrained wp-container-core-group-is-layout-82686151 wp-block-group-is-layout-constrained\">\n<div class=\"wp-block-columns alignfull is-style-twentytwentyone-columns-overlap is-layout-flex wp-container-core-columns-is-layout-9d6595d7 wp-block-columns-is-layout-flex\">\n<div class=\"wp-block-column is-layout-flow wp-block-column-is-layout-flow\" style=\"flex-basis:100%\">\n<figure class=\"wp-block-video alignfull is-style-default\"><video controls src=\"https:\/\/www.curiaqui.com\/wp-content\/uploads\/2023\/01\/VID-20230118-WA0023.mp4\"><\/video><\/figure>\n<\/div>\n<\/div>\n<\/div><\/div>\n\n\n\n<div class=\"wp-block-group\" style=\"padding-top:0;padding-right:0;padding-bottom:0;padding-left:0;font-size:90px\"><div class=\"wp-block-group__inner-container is-layout-constrained wp-container-core-group-is-layout-82686151 wp-block-group-is-layout-constrained\">\n<div class=\"wp-block-columns alignfull is-style-twentytwentyone-columns-overlap is-layout-flex wp-container-core-columns-is-layout-9d6595d7 wp-block-columns-is-layout-flex\">\n<div class=\"wp-block-column is-layout-flow wp-block-column-is-layout-flow\" style=\"flex-basis:100%\">\n<figure class=\"wp-block-video alignfull is-style-default\"><video controls src=\"https:\/\/www.curiaqui.com\/wp-content\/uploads\/2023\/01\/instagram_1674158210935.mp4\"><\/video><\/figure>\n<\/div>\n<\/div>\n\n\n\n<div class=\"wp-block-columns alignfull is-style-twentytwentyone-columns-overlap is-layout-flex wp-container-core-columns-is-layout-9d6595d7 wp-block-columns-is-layout-flex\">\n<div class=\"wp-block-column is-layout-flow wp-block-column-is-layout-flow\" style=\"flex-basis:100%\">\n<figure class=\"wp-block-video alignfull is-style-default\"><video controls src=\"https:\/\/www.curiaqui.com\/wp-content\/uploads\/2023\/01\/video3.mp4\"><\/video><\/figure>\n<\/div>\n<\/div>\n\n\n\n<div class=\"wp-block-columns alignfull is-style-twentytwentyone-columns-overlap is-layout-flex wp-container-core-columns-is-layout-9d6595d7 wp-block-columns-is-layout-flex\">\n<div class=\"wp-block-column is-layout-flow wp-block-column-is-layout-flow\" style=\"flex-basis:100%\">\n<figure class=\"wp-block-video alignfull is-style-default\"><video controls src=\"https:\/\/www.curiaqui.com\/wp-content\/uploads\/2023\/01\/video2.mp4\"><\/video><\/figure>\n<\/div>\n<\/div>\n\n\n\n<div class=\"wp-block-columns alignfull is-style-twentytwentyone-columns-overlap is-layout-flex wp-container-core-columns-is-layout-9d6595d7 wp-block-columns-is-layout-flex\">\n<div class=\"wp-block-column is-layout-flow wp-block-column-is-layout-flow\" style=\"flex-basis:100%\">\n<figure class=\"wp-block-video alignfull is-style-default\"><video controls src=\"https:\/\/www.curiaqui.com\/wp-content\/uploads\/2023\/01\/video1.mp4\"><\/video><\/figure>\n<\/div>\n<\/div>\n<\/div><\/div>\n<\/div><\/div>\n\n\n\n<div class=\"wp-block-group is-vertical is-layout-flex wp-container-core-group-is-layout-8cf370e7 wp-block-group-is-layout-flex\"><\/div>\n","protected":false},"excerpt":{"rendered":"<p>\u00bb La vehemencia del trazo, la audacia, el desgarro y la potencia del color, te impregna de sensaciones, invit\u00e1ndote a focalizar tu atenci\u00f3n. Permiti\u00e9ndote de este modo vislumbrar la imagen que aflora a trav\u00e9s del aparente caos, consiguiendo delimitar las formas en tu mente. Los potentes tonos y pinceladas no te dejan indiferentes, sino que&hellip; <a class=\"more-link\" href=\"https:\/\/www.curiaqui.com\/\">Seguir leyendo <span class=\"screen-reader-text\">Begining<\/span><\/a><\/p>\n","protected":false},"author":2,"featured_media":0,"parent":0,"menu_order":0,"comment_status":"closed","ping_status":"closed","template":"","meta":{"footnotes":""},"class_list":["post-271","page","type-page","status-publish","hentry","entry"],"_links":{"self":[{"href":"https:\/\/www.curiaqui.com\/index.php\/wp-json\/wp\/v2\/pages\/271","targetHints":{"allow":["GET"]}}],"collection":[{"href":"https:\/\/www.curiaqui.com\/index.php\/wp-json\/wp\/v2\/pages"}],"about":[{"href":"https:\/\/www.curiaqui.com\/index.php\/wp-json\/wp\/v2\/types\/page"}],"author":[{"embeddable":true,"href":"https:\/\/www.curiaqui.com\/index.php\/wp-json\/wp\/v2\/users\/2"}],"replies":[{"embeddable":true,"href":"https:\/\/www.curiaqui.com\/index.php\/wp-json\/wp\/v2\/comments?post=271"}],"version-history":[{"count":4,"href":"https:\/\/www.curiaqui.com\/index.php\/wp-json\/wp\/v2\/pages\/271\/revisions"}],"predecessor-version":[{"id":759,"href":"https:\/\/www.curiaqui.com\/index.php\/wp-json\/wp\/v2\/pages\/271\/revisions\/759"}],"wp:attachment":[{"href":"https:\/\/www.curiaqui.com\/index.php\/wp-json\/wp\/v2\/media?parent=271"}],"curies":[{"name":"wp","href":"https:\/\/api.w.org\/{rel}","templated":true}]}}